{"id":2,"date":"2015-09-16T04:24:25","date_gmt":"2015-09-16T04:24:25","guid":{"rendered":"http:\/\/wp431m.a10-52-158-154.qa.plesk.ru\/wordpress\/?page_id=2"},"modified":"2025-05-28T10:53:23","modified_gmt":"2025-05-28T10:53:23","slug":"sample-page","status":"publish","type":"page","link":"https:\/\/claudiuscluever.de\/","title":{"rendered":"Akademisches"},"content":{"rendered":"\n<figure class=\"wp-block-image alignleft size-medium is-resized\"><a href=\"https:\/\/claudiuscluever.de\/wp-content\/uploads\/2024\/01\/cluever-450x-crop-1.jpg\"><img loading=\"lazy\" decoding=\"async\" width=\"300\" height=\"300\" src=\"https:\/\/claudiuscluever.de\/wp-content\/uploads\/2024\/01\/cluever-450x-crop-1-300x300.jpg\" alt=\"\" class=\"wp-image-459\" style=\"width:277px;height:auto\" srcset=\"https:\/\/claudiuscluever.de\/wp-content\/uploads\/2024\/01\/cluever-450x-crop-1-300x300.jpg 300w, https:\/\/claudiuscluever.de\/wp-content\/uploads\/2024\/01\/cluever-450x-crop-1-150x150.jpg 150w, https:\/\/claudiuscluever.de\/wp-content\/uploads\/2024\/01\/cluever-450x-crop-1.jpg 450w\" sizes=\"auto, (max-width: 300px) 100vw, 300px\" \/><\/a><\/figure>\n\n\n\n<p>Claudius Cl\u00fcver M.A.<\/p>\n\n\n\n<p>Kulturwissenschaftler<\/p>\n\n\n\n<p>Menschen mit Behinderungen und Computer, Spielwissenschaft<\/p>\n\n\n\n<p>Wissenschaftlicher Mitarbeiter im Projekt <br>WERTE IT (Dis\/ability am Arbeitsplatz) <br>der Professur IT f\u00fcr die alternde Gesellschaft, Prof. Claudia M\u00fcller, Sozioinformatik, Universit\u00e4t Siegen<\/p>\n\n\n\n<p>Zum Projekt: <a href=\"https:\/\/werte.it\/\">werte.it<\/a><\/p>\n\n\n\n<p>Pers\u00f6nliche Mitarbeitenden-Seite: <\/p>\n\n\n\n<p><a href=\"https:\/\/italg.wineme.uni-siegen.de\/claudius-cluever\/\">https:\/\/italg.wineme.uni-siegen.de\/claudius-cluever\/<\/a><\/p>\n\n\n\n<h2 class=\"wp-block-heading\">Meine Forschung<\/h2>\n\n\n\n<p>Mitglied der <a href=\"https:\/\/www.uni-siegen.de\/phil\/medienwissenschaft\/forschung\/gamescoop\/index.html?lang=de\">GamesCoop<\/a> und Teil des Herausgeber*innenteams der <a href=\"https:\/\/spielformen.net\">Spiel|Formen: Zeitschrift f\u00fcr Play- und Game Studies<\/a><\/p>\n\n\n\n<p>Zu meinen Forschungsinteressen geh\u00f6ren:<\/p>\n\n\n\n<ul class=\"wp-block-list\">\n<li>Barrierefreiheit und Digitalit\u00e4t<\/li>\n\n\n\n<li>Praxistheorie bzw. Praxeologie<\/li>\n\n\n\n<li>Spiele (analoge Spiele, digitale Spiele)<\/li>\n\n\n\n<li>Digital Biedermeier (Neue H\u00e4uslichkeit, Gem\u00fctlichkeit und Digitalit\u00e4t, Ethik der Achtsamkeit und Ethics of Care, reproduktive Arbeit)<\/li>\n\n\n\n<li>\u00c4sthetik (Wahrnehmungstheorie, Affect Studies, Postph\u00e4nomenologie)<\/li>\n<\/ul>\n\n\n\n<p>Hier meine wissenschaftlichen Publikationen und mein Engagement in der Forschung: <a href=\"https:\/\/claudiuscluever.de\/?page_id=470\">Klick<\/a><\/p>\n\n\n\n<p>Hier die Vortr\u00e4ge, die ich gehalten habe und Moderationen im wissenschaftlichen Bereich: <a href=\"https:\/\/claudiuscluever.de\/?page_id=472\">Klick<\/a><\/p>\n\n\n\n<h2 class=\"wp-block-heading\">Biografie<\/h2>\n\n\n\n<p>Als Kulturwissenschaftler arbeite ich seit 2015.<\/p>\n\n\n\n<p>Hier meine Biografie: <a href=\"https:\/\/claudiuscluever.de\/?page_id=687\">Klick<\/a><\/p>\n\n\n\n<h3 class=\"wp-block-heading\" id=\"dissertationsvorhaben\">Dissertationsvorhaben<\/h3>\n\n\n\n<p>Die Geschichte des Spiels als Ware<\/p>\n\n\n\n<h2 class=\"wp-block-heading\" id=\"profil\">Profil<\/h2>\n\n\n\n<p>Meine Doktorarbeit tr\u00e4gt den Arbeitstitel \u201eDas Spiel in der Schachtel: Die Geschichte des Spiels als Ware\u201c. Darin analysiere ich Verh\u00e4ltnis der b\u00fcrgerlichen Gesellschaft und Spiel, anhand der Geschichte der Spielwirtschaft in der Neuzeit. Zu meinen Forschungsschwerpunkten z\u00e4hlen daneben Praxeologie, digitale P\u00e4dagogik, nichtdigitale Spiele und der Material Turn der Game Studies. Dabei sind analoge und insbesondere historische Spiele ein wichtiger Gegenstand wie auch digitale Medien und Praktiken. Unter dem Stichwort <em>Digital Biedermeier <\/em>arbeite ich zu digitaler H\u00e4uslichkeit, reproduktiver Arbeit im digitalen sowie Ethik der Achtsamkeit (Ethics of Care) gemeinsam mit den Kolleginnen Finja Walsdorff und Max Kanderske.<\/p>\n\n\n\n<p>Gegenw\u00e4rtig arbeite ich im Forschungsprojekt WERTE IT zu Haltungen gegen\u00fcber Barrierefreiheit am Arbeitsplatz der Professur<em> IT f\u00fcr die alternde Gesellschaft<\/em>. Bisher habe ich in Siegen in der Medienwissenschaft an den Professuren <em>Medien\u00e4sthetik<\/em> und <em>digitale Systeme<\/em> gearbeitet, in Marburg an der Professur \u00c4sthetik und Theorie der digitalen Medien und zuletzt an der Professur Design interaktiver Medien an der Uni Wuppertal. Dazu engagiere ich mich in der Spiele\/Games-Kultur in Siegen, unter anderem als Vorsitzender des Vereins Spielkultur Siegen e.V..<\/p>\n\n\n\n<h2 class=\"wp-block-heading\">Lehre<\/h2>\n\n\n\n<p>Universit\u00e4re Lehre habe ich zu verschiedenen Themen gegeben, darunter:<\/p>\n\n\n\n<ul class=\"wp-block-list\">\n<li>Projekt Sozioinformatik<\/li>\n\n\n\n<li>Digitale Barrierefreiheit<\/li>\n\n\n\n<li>Design digitaler Medien<\/li>\n\n\n\n<li>Medienwissenschaft zu Film, Games und \u00c4sthetik<\/li>\n\n\n\n<li>Game Studies<\/li>\n\n\n\n<li>Wissenschaftliches Arbeiten<\/li>\n\n\n\n<li>Social-Media-Kultur<\/li>\n\n\n\n<li>Praxeologische Methoden<\/li>\n\n\n\n<li>Film- und Web-Praxis<\/li>\n\n\n\n<li>Game Design<\/li>\n<\/ul>\n\n\n\n<p>Hier ist meine Lehre aufgelistet: <a href=\"https:\/\/claudiuscluever.de\/?page_id=295\">Link<\/a><\/p>\n\n\n\n<h3 class=\"wp-block-heading\" id=\"veranstaltungen\">Spielkultur<\/h3>\n\n\n\n<p>Im Verein Spielkultur Siegen e.V. bin ich Vorstand und engagiere mich in Spielkulturellen Veranstaltungen und in der Medienp\u00e4dagogik.<\/p>\n\n\n\n<p>Hier zu meinen spielkulturellen und medienp\u00e4dagogischen Aktivit\u00e4ten: <a href=\"https:\/\/claudiuscluever.de\/?page_id=160\">Link<\/a><\/p>\n","protected":false},"excerpt":{"rendered":"<p>Claudius Cl\u00fcver M.A. Kulturwissenschaftler Menschen mit Behinderungen und Computer, Spielwissenschaft Wissenschaftlicher Mitarbeiter im Projekt WERTE IT (Dis\/ability am Arbeitsplatz) der Professur IT f\u00fcr die alternde Gesellschaft, Prof. Claudia M\u00fcller, Sozioinformatik, Universit\u00e4t Siegen Zum Projekt: werte.it Pers\u00f6nliche Mitarbeitenden-Seite: https:\/\/italg.wineme.uni-siegen.de\/claudius-cluever\/ Meine Forschung Mitglied der GamesCoop und Teil des Herausgeber*innenteams der Spiel|Formen: Zeitschrift f\u00fcr Play- und Game Studies [&hellip;]<\/p>\n","protected":false},"author":1,"featured_media":0,"parent":0,"menu_order":0,"comment_status":"closed","ping_status":"closed","template":"","meta":{"footnotes":""},"class_list":["post-2","page","type-page","status-publish","hentry"],"_links":{"self":[{"href":"https:\/\/claudiuscluever.de\/index.php?rest_route=\/wp\/v2\/pages\/2","targetHints":{"allow":["GET"]}}],"collection":[{"href":"https:\/\/claudiuscluever.de\/index.php?rest_route=\/wp\/v2\/pages"}],"about":[{"href":"https:\/\/claudiuscluever.de\/index.php?rest_route=\/wp\/v2\/types\/page"}],"author":[{"embeddable":true,"href":"https:\/\/claudiuscluever.de\/index.php?rest_route=\/wp\/v2\/users\/1"}],"replies":[{"embeddable":true,"href":"https:\/\/claudiuscluever.de\/index.php?rest_route=%2Fwp%2Fv2%2Fcomments&post=2"}],"version-history":[{"count":164,"href":"https:\/\/claudiuscluever.de\/index.php?rest_route=\/wp\/v2\/pages\/2\/revisions"}],"predecessor-version":[{"id":707,"href":"https:\/\/claudiuscluever.de\/index.php?rest_route=\/wp\/v2\/pages\/2\/revisions\/707"}],"wp:attachment":[{"href":"https:\/\/claudiuscluever.de\/index.php?rest_route=%2Fwp%2Fv2%2Fmedia&parent=2"}],"curies":[{"name":"wp","href":"https:\/\/api.w.org\/{rel}","templated":true}]}}