{"id":160,"date":"2020-02-12T13:27:57","date_gmt":"2020-02-12T13:27:57","guid":{"rendered":"http:\/\/claudiuscluever.de\/?page_id=160"},"modified":"2025-05-28T10:45:09","modified_gmt":"2025-05-28T10:45:09","slug":"andere-projekte","status":"publish","type":"page","link":"https:\/\/claudiuscluever.de\/?page_id=160","title":{"rendered":"Spielkultur"},"content":{"rendered":"\n<figure class=\"wp-block-image alignleft size-medium is-resized\"><a href=\"https:\/\/claudiuscluever.de\/wp-content\/uploads\/2024\/01\/IMG_20210622_085744_285.jpg\"><img loading=\"lazy\" decoding=\"async\" width=\"300\" height=\"300\" src=\"https:\/\/claudiuscluever.de\/wp-content\/uploads\/2024\/01\/IMG_20210622_085744_285-300x300.jpg\" alt=\"\" class=\"wp-image-451\" style=\"width:277px\" srcset=\"https:\/\/claudiuscluever.de\/wp-content\/uploads\/2024\/01\/IMG_20210622_085744_285-300x300.jpg 300w, https:\/\/claudiuscluever.de\/wp-content\/uploads\/2024\/01\/IMG_20210622_085744_285-150x150.jpg 150w, https:\/\/claudiuscluever.de\/wp-content\/uploads\/2024\/01\/IMG_20210622_085744_285.jpg 640w\" sizes=\"auto, (max-width: 300px) 100vw, 300px\" \/><\/a><\/figure>\n\n\n\n<h2 class=\"wp-block-heading\">Spielkultur Siegen e.V.<\/h2>\n\n\n\n<p>Vorstand und Gr\u00fcndungsmitglied von <a href=\"https:\/\/spielkultur-siegen.de\/\">Spielkultur Siegen e.V.<\/a><\/p>\n\n\n\n<h2 class=\"wp-block-heading\">Spielekulturelle Veranstaltungen<\/h2>\n\n\n\n<h3 class=\"wp-block-heading\">gamin&#8217; siegen<\/h3>\n\n\n\n<p>Universit\u00e4re Online-Veranstaltung zu Gaming-Kultur mit Podcasting, Online-Museumsbesuch, Mehrspieler\u00efnnen-Runden, Talks, online-Pen-and-Paper Rollenspielrunden, 23.-25. April 2021, veranstaltet von der studentischen Spieleinitiative USK57, Link: <a href=\"https:\/\/gaminsiegen.de\/\">https:\/\/gaminsiegen.de\/<\/a><\/p>\n\n\n\n<h3 class=\"wp-block-heading\">PLAY19<\/h3>\n\n\n\n<p>Exkursion zum Spielkunstfestival <a href=\"https:\/\/spieleinitiative.uni-siegen.de\/?p=116\">PLAY19<\/a> mit Studierenden, Hamburg, 14.-17. November 2019<\/p>\n\n\n\n<h3 class=\"wp-block-heading\">Game Design Workshop<\/h3>\n\n\n\n<p>f\u00fcr Jugendliche im Alter von 12-15 Jahren in der Bibliothek Kreuztal, 3.-7. August 2020. Artikel \u00fcber den Workshop: <a href=\"https:\/\/www.wp.de\/staedte\/siegerland\/kreuztal-jugendliche-entwickeln-eigene-computerspiele-id230102430.html\">Jugendliche entwickeln eigene Computerspiele<\/a><\/p>\n\n\n\n<h3 class=\"wp-block-heading\">Gaming-Nachmittag<\/h3>\n\n\n\n<p>am 1. M\u00e4rz 2020 in der Stadtbibliothek Kreuztal mit VR vom <a href=\"https:\/\/spielkultur-siegen.de\/\">Spielkultur Siegen e.V.<\/a> und der <a href=\"https:\/\/spieleinitiative.uni-siegen.de\/\">USK57<\/a><\/p>\n\n\n\n<h3 class=\"wp-block-heading\">VR-Aktion<\/h3>\n\n\n\n<p>mit Jugendlichen in der Stadtbibliothek Kreuztal bei der Westf\u00e4lischen Rundschau: <a href=\"https:\/\/www.wr.de\/staedte\/siegerland\/zocken-mit-vr-brille-in-der-stadtbibliothek-kreuztal-id227452559.html\">https:\/\/www.wr.de\/staedte\/siegerland\/zocken-mit-vr-brille-in-der-stadtbibliothek-kreuztal-id227452559.html<\/a><\/p>\n\n\n\n<h3 class=\"wp-block-heading\">erstis playin&#8217; siegen<\/h3>\n\n\n\n<p><a href=\"https:\/\/spieleinitiative.uni-siegen.de\/?p=196\">erstis playin\u2018 siegen<\/a> \u2013 Spielkultur und Game Studies in einer Veranstaltung f\u00fcr Erstsemesterstudierende bei der Westf\u00e4lischen Rundschau: <a href=\"https:\/\/www.wr.de\/staedte\/siegerland\/erstis-playin-siegen-ein-wochenende-zocken-fuer-erstsemester-id227413187.html\">https:\/\/www.wr.de\/staedte\/siegerland\/erstis-playin-siegen-ein-wochenende-zocken-fuer-erstsemester-id227413187.html<\/a><\/p>\n\n\n\n<p>beim WDR: <a href=\"https:\/\/www1.wdr.de\/nachrichten\/westfalen-lippe\/playin-siegen-games-festival-100.html\">https:\/\/www1.wdr.de\/nachrichten\/westfalen-lippe\/playin-siegen-games-festival-100.html<\/a><\/p>\n\n\n\n<h2 class=\"wp-block-heading\">Texte, Interviews als Games-Experte<\/h2>\n\n\n\n<p>Artikel:<em> Game-Designer meistern hochkomplexe Anforderungen. Kreativit\u00e4t im Spiele-Universum<\/em> von Jana Albrecht in der Siegener Zeitung, Interview als Gesellschaftsspiele-Experte: <a href=\"https:\/\/www.siegener-zeitung.de\/siegen\/c-kultur\/kreativitaet-im-spiele-universum_a224060\">Link<\/a><\/p>\n\n\n\n<p>Artikel: <em>&#8220;Mensch \u00e4rgere dich nicht&#8221; geht immer. Manche Spiele \u00fcberdauern Jahrhunderte<\/em> von Sarah Panthel in der Siegener Zeitung, Interview als Gesellschaftsspiele-Experte: <a href=\"https:\/\/www.siegener-zeitung.de\/siegen\/c-lokales\/manche-spiele-ueberdauern-jahrhunderte_a221189\" data-type=\"URL\" data-id=\"https:\/\/www.siegener-zeitung.de\/siegen\/c-lokales\/manche-spiele-ueberdauern-jahrhunderte_a221189\">Link<\/a><\/p>\n\n\n\n<p>Artikel: <em>Blick \u00fcber den Spielfeldrand: Alte und neue Spiele (wieder-)entdecken<\/em> von Sarah Panthel in der Siegener Zeitung, Interview als Gesellschaftsspiele-Experte: <a href=\"Artikel: Blick \u00fcber den Spielfeldrand: Alte und neue Spiele (wieder-)entdecken von Sarah Panthel in der Siegener Zeitung, Interview als Gesellschaftsspiele-Experte: Link\"><\/a><a href=\"https:\/\/www.siegener-zeitung.de\/siegen\/c-lokales\/blick-ueber-den-spielbrettrand_a198988\">Link<\/a><\/p>\n\n\n\n<p>Spiel und Geld &#8211; Bezahlsysteme in Computerspielen, Vortrag in der Reihe <em>Popkultur im Kr\u00f6nchenCenter<\/em> der Stadtbibliothek Siegen und <em>Jugend mal Anders e.V.<\/em>: <a href=\"https:\/\/www.siegen-wittgenstein.de\/Region\/Freizeit-und-Kultur\/Veranstaltungen\/PopKULTur-im-Kr%C3%B6nchenCenter-Bezahlsysteme-in-Computerspielen.php?object=tx,2170.13.1&amp;ModID=11&amp;FID=2170.20952.1&amp;NavID=2170.122&amp;La=1\">Link<\/a><\/p>\n\n\n\n<p>Radio-Interview <em>Monetarisierung von Spielen \u2013 \u201eIn-Game-K\u00e4ufe\u201c<\/em> bei <em>Campus Radio 92.1 \u2013 dem Campus-Radio<\/em> an der Uni Siegen in der Sendung <em>mediaZINE.fm<\/em>: <a href=\"https:\/\/www.nrwision.de\/mediathek\/mediazinefm-monetarisierung-von-spielen-in-game-kaeufe-180613\/\">https:\/\/www.nrwision.de\/mediathek\/mediazinefm-monetarisierung-von-spielen-in-game-kaeufe-180613\/<\/a><\/p>\n\n\n\n<p>Vortr\u00e4ge im H\u00fcbbelbummler 2017 im ctrl-blog: <a href=\"https:\/\/ctrl-blog.de\/?p=2881\">https:\/\/ctrl-blog.de\/?p=2881<\/a> und beim Spieleratgeber NRW: <a href=\"https:\/\/www.spieleratgeber-nrw.de\/Vortrage-bei-voller-Fahrt.5089.de.1.html\">https:\/\/www.spieleratgeber-nrw.de\/Vortrage-bei-voller-Fahrt.5089.de.1.html<\/a><\/p>\n\n\n\n<p><em>Spielende K\u00f6rper<\/em>, Blogpost \u00fcber die Masterarbeit:<a href=\"https:\/\/www.next-level-blog.org\/details\/spielende_koerper\/#\/\"> https:\/\/www.next-level-blog.org\/details\/spielende_koerper\/#\/<\/a> auf dem Blog des <em>Next Level<\/em>-Festivals<\/p>\n\n\n\n<h2 class=\"wp-block-heading\">Schundkritik<\/h2>\n\n\n\n<p>Kritiken und Popjournalistische Texte, Podcast:<\/p>\n\n\n\n<p><a href=\"https:\/\/schundkritik.de\/\">https:\/\/schundkritik.de\/<\/a><\/p>\n\n\n\n<div class=\"wp-block-group is-layout-flow wp-block-group-is-layout-flow\">\n<ul class=\"wp-block-list\">\n<li>Begleitung der Planung der studentischen Veranstaltung <a href=\"https:\/\/spieleinitiative.uni-siegen.de\/?p=196\">erstis playin&#8217; siegen<\/a>, Siegen, 18.-20. Oktober 2019<\/li>\n\n\n\n<li><\/li>\n<\/ul>\n<\/div>\n\n\n\n<h3 class=\"wp-block-heading\" id=\"texte-interviews-anderes\">Texte, Interviews, Anderes<\/h3>\n\n\n\n<p>Artikel: <em>&#8220;Mensch \u00e4rgere dich nicht&#8221; geht immer. Manche Spiele \u00fcberdauern Jahrhunderte<\/em> von Sarah Panthel in der Siegener Zeitung, Interview als Gesellschaftsspiele-Experte: <a href=\"https:\/\/www.siegener-zeitung.de\/siegen\/c-lokales\/manche-spiele-ueberdauern-jahrhunderte_a221189\">Link<\/a><\/p>\n\n\n\n<p><strong>Game Design Workshop<\/strong> f\u00fcr Jugendliche im Alter von 12-15 Jahren in der Bibliothek Kreuztal, 3.-7. August 2020. Artikel \u00fcber den Workshop: <a href=\"https:\/\/www.wp.de\/staedte\/siegerland\/kreuztal-jugendliche-entwickeln-eigene-computerspiele-id230102430.html\" data-type=\"URL\" data-id=\"https:\/\/www.wp.de\/staedte\/siegerland\/kreuztal-jugendliche-entwickeln-eigene-computerspiele-id230102430.html\">Jugendliche entwickeln eigene Computerspiele<\/a><\/p>\n\n\n\n<p>Artikel: <em>Blick \u00fcber den Spielfeldrand: Alte und neue Spiele (wieder-)entdecken<\/em> von Sarah Panthel in der Siegener Zeitung, Interview als Gesellschaftsspiele-Experte: <a href=\"https:\/\/www.siegener-zeitung.de\/siegen\/c-lokales\/blick-ueber-den-spielbrettrand_a198988\">Link<\/a><\/p>\n\n\n\n<p><strong>Gaming-Nachmittag<\/strong> am 1. M\u00e4rz 2020 in der Stadtbibliothek Kreuztal mit VR vom <a href=\"https:\/\/spielkultur-siegen.de\/\">Spielkultur Siegen e.V.<\/a> und der <a href=\"https:\/\/spieleinitiative.uni-siegen.de\/\">USK57<\/a><\/p>\n\n\n\n<p>Spiel und Geld &#8211; Bezahlsysteme in Computerspielen, Vortrag in der Reihe <em>Popkultur im Kr\u00f6nchenCenter<\/em> der Stadtbibliothek Siegen und <em>Jugend mal Anders e.V.<\/em>: <a href=\"https:\/\/www.siegen-wittgenstein.de\/Region\/Freizeit-und-Kultur\/Veranstaltungen\/PopKULTur-im-Kr%C3%B6nchenCenter-Bezahlsysteme-in-Computerspielen.php?object=tx,2170.13.1&amp;ModID=11&amp;FID=2170.20952.1&amp;NavID=2170.122&amp;La=1\">Link<\/a><\/p>\n\n\n\n<p><strong>VR-Aktion<\/strong> mit Jugendlichen in der Stadtbibliothek Kreuztal bei der Westf\u00e4lischen Rundschau: <a href=\"https:\/\/www.wr.de\/staedte\/siegerland\/zocken-mit-vr-brille-in-der-stadtbibliothek-kreuztal-id227452559.html\">https:\/\/www.wr.de\/staedte\/siegerland\/zocken-mit-vr-brille-in-der-stadtbibliothek-kreuztal-id227452559.html<\/a><\/p>\n\n\n\n<p><a href=\"https:\/\/spieleinitiative.uni-siegen.de\/?p=196\">erstis playin&#8217; siegen<\/a> &#8211; Spielkultur und Game Studies in einer Veranstaltung f\u00fcr Erstsemesterstudierende bei der Westf\u00e4lischen Rundschau: <a href=\"https:\/\/www.wr.de\/staedte\/siegerland\/erstis-playin-siegen-ein-wochenende-zocken-fuer-erstsemester-id227413187.html\">https:\/\/www.wr.de\/staedte\/siegerland\/erstis-playin-siegen-ein-wochenende-zocken-fuer-erstsemester-id227413187.html<\/a><\/p>\n\n\n\n<p><a href=\"https:\/\/spieleinitiative.uni-siegen.de\/?p=196\">erstis playin&#8217; siegen<\/a> &#8211; Spielkultur und Game Studies in einer Veranstaltung f\u00fcr Erstsemesterstudierende beim WDR: <a href=\"https:\/\/www1.wdr.de\/nachrichten\/westfalen-lippe\/playin-siegen-games-festival-100.html\">https:\/\/www1.wdr.de\/nachrichten\/westfalen-lippe\/playin-siegen-games-festival-100.html<\/a><\/p>\n\n\n\n<p>Radio-Interview <em>Monetarisierung von Spielen \u2013 &#8220;In-Game-K\u00e4ufe&#8221;<\/em> bei <em>Campus Radio 92.1 &#8211; dem Campus-Radio<\/em> an der Uni Siegen in der Sendung <em>mediaZINE.fm<\/em>: <a href=\"https:\/\/www.nrwision.de\/mediathek\/mediazinefm-monetarisierung-von-spielen-in-game-kaeufe-180613\/\">https:\/\/www.nrwision.de\/mediathek\/mediazinefm-monetarisierung-von-spielen-in-game-kaeufe-180613\/<\/a><\/p>\n\n\n\n<p>Vortr\u00e4ge im H\u00fcbbelbummler 2017 im ctrl-blog: <a href=\"https:\/\/ctrl-blog.de\/?p=2881\">https:\/\/ctrl-blog.de\/?p=2881<\/a> und beim Spieleratgeber NRW: <a href=\"https:\/\/www.spieleratgeber-nrw.de\/Vortrage-bei-voller-Fahrt.5089.de.1.html\">https:\/\/www.spieleratgeber-nrw.de\/Vortrage-bei-voller-Fahrt.5089.de.1.html<\/a><\/p>\n\n\n\n<p><em>Spielende K\u00f6rper<\/em>, Blogpost \u00fcber die Masterarbeit:<a href=\"https:\/\/www.next-level-blog.org\/details\/spielende_koerper\/#\/\"> https:\/\/www.next-level-blog.org\/details\/spielende_koerper\/#\/<\/a> auf dem Blog des <em>Next Level<\/em>-Festivals<\/p>\n\n\n\n<p><\/p>\n","protected":false},"excerpt":{"rendered":"<p>Spielkultur Siegen e.V. Vorstand und Gr\u00fcndungsmitglied von Spielkultur Siegen e.V. Spielekulturelle Veranstaltungen gamin&#8217; siegen Universit\u00e4re Online-Veranstaltung zu Gaming-Kultur mit Podcasting, Online-Museumsbesuch, Mehrspieler\u00efnnen-Runden, Talks, online-Pen-and-Paper Rollenspielrunden, 23.-25. April 2021, veranstaltet von der studentischen Spieleinitiative USK57, Link: https:\/\/gaminsiegen.de\/ PLAY19 Exkursion zum Spielkunstfestival PLAY19 mit Studierenden, Hamburg, 14.-17. November 2019 Game Design Workshop f\u00fcr Jugendliche im Alter von [&hellip;]<\/p>\n","protected":false},"author":1,"featured_media":0,"parent":0,"menu_order":0,"comment_status":"closed","ping_status":"closed","template":"","meta":{"footnotes":""},"class_list":["post-160","page","type-page","status-publish","hentry"],"_links":{"self":[{"href":"https:\/\/claudiuscluever.de\/index.php?rest_route=\/wp\/v2\/pages\/160","targetHints":{"allow":["GET"]}}],"collection":[{"href":"https:\/\/claudiuscluever.de\/index.php?rest_route=\/wp\/v2\/pages"}],"about":[{"href":"https:\/\/claudiuscluever.de\/index.php?rest_route=\/wp\/v2\/types\/page"}],"author":[{"embeddable":true,"href":"https:\/\/claudiuscluever.de\/index.php?rest_route=\/wp\/v2\/users\/1"}],"replies":[{"embeddable":true,"href":"https:\/\/claudiuscluever.de\/index.php?rest_route=%2Fwp%2Fv2%2Fcomments&post=160"}],"version-history":[{"count":25,"href":"https:\/\/claudiuscluever.de\/index.php?rest_route=\/wp\/v2\/pages\/160\/revisions"}],"predecessor-version":[{"id":705,"href":"https:\/\/claudiuscluever.de\/index.php?rest_route=\/wp\/v2\/pages\/160\/revisions\/705"}],"wp:attachment":[{"href":"https:\/\/claudiuscluever.de\/index.php?rest_route=%2Fwp%2Fv2%2Fmedia&parent=160"}],"curies":[{"name":"wp","href":"https:\/\/api.w.org\/{rel}","templated":true}]}}